{"id":12,"date":"2019-04-25T14:46:51","date_gmt":"2019-04-25T14:46:51","guid":{"rendered":"https:\/\/saberespsi.udp.cl\/cms\/?page_id=12"},"modified":"2025-06-10T17:34:56","modified_gmt":"2025-06-10T21:34:56","slug":"proyectos-de-investigacion","status":"publish","type":"page","link":"https:\/\/saberespsi.udp.cl\/en\/proyectos-de-investigacion\/","title":{"rendered":"Research projects"},"content":{"rendered":"<p>El Programa de Investigaci\u00f3n en Historia y Teor\u00eda Cr\u00edtica de los Saber Psi, es una Unidad Acad\u00e9mica de la Facultad de Psicolog\u00eda UDP dedicada a la investigaci\u00f3n de las m\u00faltiples relaciones existentes entre los saberes psi y los contextos socio-culturales e hist\u00f3ricos.<\/p>\n","protected":false},"excerpt":{"rendered":"<p>El Programa de Investigaci\u00f3n en Historia y Teor\u00eda Cr\u00edtica de los Saber Psi, es una Unidad Acad\u00e9mica de la Facultad de Psicolog\u00eda UDP dedicada a la investigaci\u00f3n de las m\u00faltiples relaciones existentes entre los saberes psi y los contextos socio-culturales e hist\u00f3ricos.<\/p>\n","protected":false},"author":1,"featured_media":456,"parent":0,"menu_order":3,"comment_status":"closed","ping_status":"closed","template":"proyecto-template.php","meta":{"_acf_changed":false,"footnotes":""},"class_list":["post-12","page","type-page","status-publish","has-post-thumbnail","hentry"],"acf":[],"css":"background:url('https:\/\/saberespsi.udp.cl\/cms\/wp-content\/uploads\/2011\/07\/encabezado-017.jpg');","_links":{"self":[{"href":"https:\/\/saberespsi.udp.cl\/en\/wp-json\/wp\/v2\/pages\/12","targetHints":{"allow":["GET"]}}],"collection":[{"href":"https:\/\/saberespsi.udp.cl\/en\/wp-json\/wp\/v2\/pages"}],"about":[{"href":"https:\/\/saberespsi.udp.cl\/en\/wp-json\/wp\/v2\/types\/page"}],"author":[{"embeddable":true,"href":"https:\/\/saberespsi.udp.cl\/en\/wp-json\/wp\/v2\/users\/1"}],"replies":[{"embeddable":true,"href":"https:\/\/saberespsi.udp.cl\/en\/wp-json\/wp\/v2\/comments?post=12"}],"version-history":[{"count":4,"href":"https:\/\/saberespsi.udp.cl\/en\/wp-json\/wp\/v2\/pages\/12\/revisions"}],"predecessor-version":[{"id":830,"href":"https:\/\/saberespsi.udp.cl\/en\/wp-json\/wp\/v2\/pages\/12\/revisions\/830"}],"wp:featuredmedia":[{"embeddable":true,"href":"https:\/\/saberespsi.udp.cl\/en\/wp-json\/wp\/v2\/media\/456"}],"wp:attachment":[{"href":"https:\/\/saberespsi.udp.cl\/en\/wp-json\/wp\/v2\/media?parent=12"}],"curies":[{"name":"wp","href":"https:\/\/api.w.org\/{rel}","templated":true}]}}