{"id":606,"date":"2020-07-13T22:52:27","date_gmt":"2020-07-13T22:52:27","guid":{"rendered":"https:\/\/saberespsi.udp.cl\/?page_id=606"},"modified":"2026-04-01T17:46:23","modified_gmt":"2026-04-01T20:46:23","slug":"alvaro-jimenez-molina","status":"publish","type":"page","link":"https:\/\/saberespsi.udp.cl\/en\/equipo-de-investigacion\/alvaro-jimenez-molina\/","title":{"rendered":"\u00c1lvaro Jim\u00e9nez Molina"},"content":{"rendered":"<p>\u00c1lvaro\u2019s research agenda is developed at the intersection of psychoanalysis, sociology of mental health and anthropology of psychiatry, addressing the socio-cultural dimensions of individual and collective suffering and their translations into the \u201cpsi\u201d languages.<\/p>\n<p>Member of the following research centres and projects: Millennium Institute for Research on Depression and Personality (MIDAP), Millennium Nucleus to Improve the Mental Health of Adolescents and Youth (Imhay), Millennium Nucleus in Social Development (DESOC), and Platform for Social Research on Mental Health in Latin America (PLASMA).<\/p>","protected":false},"excerpt":{"rendered":"<p>\u00c1lvaro\u2019s research agenda is developed at the intersection of psychoanalysis, sociology of mental health and anthropology of psychiatry, addressing the socio-cultural dimensions of individual and collective suffering and their translations into the \u201cpsi\u201d languages. Member of the following research centres and projects: Millennium Institute for Research on Depression and Personality (MIDAP), Millennium Nucleus to Improve [&hellip;]<\/p>\n","protected":false},"author":3,"featured_media":600,"parent":10,"menu_order":2,"comment_status":"closed","ping_status":"closed","template":"persona-template.php","meta":{"_acf_changed":false,"footnotes":""},"class_list":["post-606","page","type-page","status-publish","has-post-thumbnail","hentry"],"acf":[],"css":"background:url('https:\/\/saberespsi.udp.cl\/cms\/wp-content\/uploads\/2020\/07\/Alvaro-Jimenez-e1775076321851.jpeg');","_links":{"self":[{"href":"https:\/\/saberespsi.udp.cl\/en\/wp-json\/wp\/v2\/pages\/606","targetHints":{"allow":["GET"]}}],"collection":[{"href":"https:\/\/saberespsi.udp.cl\/en\/wp-json\/wp\/v2\/pages"}],"about":[{"href":"https:\/\/saberespsi.udp.cl\/en\/wp-json\/wp\/v2\/types\/page"}],"author":[{"embeddable":true,"href":"https:\/\/saberespsi.udp.cl\/en\/wp-json\/wp\/v2\/users\/3"}],"replies":[{"embeddable":true,"href":"https:\/\/saberespsi.udp.cl\/en\/wp-json\/wp\/v2\/comments?post=606"}],"version-history":[{"count":8,"href":"https:\/\/saberespsi.udp.cl\/en\/wp-json\/wp\/v2\/pages\/606\/revisions"}],"predecessor-version":[{"id":860,"href":"https:\/\/saberespsi.udp.cl\/en\/wp-json\/wp\/v2\/pages\/606\/revisions\/860"}],"up":[{"embeddable":true,"href":"https:\/\/saberespsi.udp.cl\/en\/wp-json\/wp\/v2\/pages\/10"}],"wp:featuredmedia":[{"embeddable":true,"href":"https:\/\/saberespsi.udp.cl\/en\/wp-json\/wp\/v2\/media\/600"}],"wp:attachment":[{"href":"https:\/\/saberespsi.udp.cl\/en\/wp-json\/wp\/v2\/media?parent=606"}],"curies":[{"name":"wp","href":"https:\/\/api.w.org\/{rel}","templated":true}]}}